{"id":1349,"date":"2024-12-13T15:14:00","date_gmt":"2024-12-13T15:14:00","guid":{"rendered":"https:\/\/staging.diryhace.cyon.site\/page-daccueil\/"},"modified":"2025-05-20T07:57:08","modified_gmt":"2025-05-20T07:57:08","slug":"page-daccueil","status":"publish","type":"page","link":"https:\/\/staging.diryhace.cyon.site\/fr\/","title":{"rendered":"Page d&rsquo;accueil"},"content":{"rendered":"\n<section class=\"wp-block-group alignfull is-style-default is-layout-constrained wp-block-group-is-layout-constrained\">\n<div class=\"wp-block-group header-headline is-layout-constrained wp-block-group-is-layout-constrained\">\n<h1 class=\"wp-block-heading slide-in-up\">Syst\u00e8mes intelligents de mesure et de surveillance<\/h1>\n<\/div>\n<\/section>\n\n<section class=\"wp-block-group alignfull card is-layout-constrained wp-block-group-is-layout-constrained\">\n<div class=\"wp-block-columns alignwide is-style-default is-layout-flex wp-container-core-columns-is-layout-9d6595d7 wp-block-columns-is-layout-flex\">\n<div class=\"wp-block-column is-style-default slide-in-up is-layout-flow wp-block-column-is-layout-flow\">\n<div class=\"wp-block-group is-vertical is-layout-flex wp-container-core-group-is-layout-68afab4e wp-block-group-is-layout-flex\">\n<div class=\"wp-block-group is-layout-constrained wp-block-group-is-layout-constrained\">\n<h2 class=\"wp-block-heading\">Mesure du d\u00e9bit<\/h2>\n\n\n\n<p>Mesure de d\u00e9bit par ultrasons des flux de liquides et de gaz : traitement de l&rsquo;eau, produits alimentaires, pharmaceutiques, p\u00e9trochimiques, syst\u00e8mes de chauffage et de refroidissement.<\/p>\n<\/div>\n\n\n\n<div class=\"wp-block-buttons is-layout-flex wp-block-buttons-is-layout-flex\">\n<div class=\"wp-block-button is-style-button-underline is-style-button-underline--1\"><a class=\"wp-block-button__link wp-element-button\" href=\"https:\/\/staging.diryhace.cyon.site\/durchflussmessung\/\">en savoir plus<\/a><\/div>\n<\/div>\n<\/div>\n<\/div>\n\n\n\n<div class=\"wp-block-column slide-in-up is-layout-flow wp-block-column-is-layout-flow\">\n<div class=\"wp-block-group is-vertical is-layout-flex wp-container-core-group-is-layout-68afab4e wp-block-group-is-layout-flex\">\n<div class=\"wp-block-group is-layout-constrained wp-block-group-is-layout-constrained\">\n<h2 class=\"wp-block-heading\">Mesure de niveau<\/h2>\n\n\n\n<p class=\"has-text-align-left\">Mesure de niveau de poussi\u00e8res, de liquides, de gravats : traitement du bois, moulins, traitement de l&rsquo;eau, produits alimentaires, produits pharmaceutiques, p\u00e9trochimie, traitement du gravier.<\/p>\n<\/div>\n\n\n\n<div class=\"wp-block-buttons is-layout-flex wp-block-buttons-is-layout-flex\">\n<div class=\"wp-block-button is-style-button-underline is-style-button-underline--2\"><a class=\"wp-block-button__link wp-element-button\" href=\"https:\/\/staging.diryhace.cyon.site\/niveaumessung\/\">en savoir plus<\/a><\/div>\n<\/div>\n<\/div>\n<\/div>\n\n\n\n<div class=\"wp-block-column slide-in-up is-layout-flow wp-block-column-is-layout-flow\">\n<div class=\"wp-block-group is-vertical is-layout-flex wp-container-core-group-is-layout-68afab4e wp-block-group-is-layout-flex\">\n<div class=\"wp-block-group is-layout-constrained wp-block-group-is-layout-constrained\">\n<h2 class=\"wp-block-heading\">Pr\u00e9vention des incendies<\/h2>\n\n\n\n<p>Mesure et alerte en cas de surchauffe d&rsquo;installations photovolta\u00efques, de tas de foin, d&rsquo;installations de recyclage, de scieries, de traitement de pneus de grande taille et bien plus encore.<\/p>\n<\/div>\n\n\n\n<div class=\"wp-block-buttons is-layout-flex wp-block-buttons-is-layout-flex\">\n<div class=\"wp-block-button is-style-button-underline is-style-button-underline--3\"><a class=\"wp-block-button__link wp-element-button\" href=\"https:\/\/staging.diryhace.cyon.site\/brandvermeidung\/\">en savoir plus<\/a><\/div>\n<\/div>\n<\/div>\n<\/div>\n<\/div>\n<\/section>\n\n<section class=\"wp-block-group alignfull is-layout-constrained wp-block-group-is-layout-constrained\">\n<div class=\"wp-block-group alignwide is-layout-constrained wp-block-group-is-layout-constrained\">\n<div class=\"wp-block-media-text alignfull has-media-on-the-right is-stacked-on-mobile is-style-default\"><div class=\"wp-block-media-text__content\">\n<h2 class=\"wp-block-heading has-text-align-left is-style-default slide-in-left\">Pr\u00e9cis, fiable et efficace<\/h2>\n\n\n\n<p class=\"slide-in-left \">Mess- und Monitoringsysteme von pikkerton zeichnen sich aus durch \u00e4usserst pr\u00e4zise Erfassung und effiziente \u00dcbertragung der Messdaten. Die energiesparenden und hochentwickelten Technologien Narrow Band IoT (NB-IoT) und Longterm Evolution (LTE) erm\u00f6glichen eine kosteng\u00fcnstige und sehr zuverl\u00e4ssige \u00dcbertragung der Sensordaten auf unsere Monitoring-Plattformen. Qualitativ hochwertige Komponenten garantieren einen langlebigen und wartungsfreien Einsatz.  <\/p>\n<\/div><figure class=\"wp-block-media-text__media\"><img loading=\"lazy\" decoding=\"async\" width=\"676\" height=\"676\" src=\"https:\/\/staging.diryhace.cyon.site\/wp-content\/uploads\/2025\/02\/pikkerton_dashboard_mobiltelefon.webp\" alt=\"\" class=\"wp-image-511 size-full\" srcset=\"https:\/\/staging.diryhace.cyon.site\/wp-content\/uploads\/2025\/02\/pikkerton_dashboard_mobiltelefon.webp 676w, https:\/\/staging.diryhace.cyon.site\/wp-content\/uploads\/2025\/02\/pikkerton_dashboard_mobiltelefon-300x300.webp 300w, https:\/\/staging.diryhace.cyon.site\/wp-content\/uploads\/2025\/02\/pikkerton_dashboard_mobiltelefon-150x150.webp 150w\" sizes=\"auto, (max-width: 676px) 100vw, 676px\" \/><\/figure><\/div>\n<\/div>\n<\/section>\n\n<section class=\"wp-block-group alignfull is-layout-constrained wp-block-group-is-layout-constrained\">\n<div class=\"wp-block-group alignwide is-layout-constrained wp-block-group-is-layout-constrained\">\n<div class=\"wp-block-media-text alignfull is-stacked-on-mobile\"><figure class=\"wp-block-media-text__media\"><img loading=\"lazy\" decoding=\"async\" width=\"676\" height=\"676\" src=\"https:\/\/staging.diryhace.cyon.site\/wp-content\/uploads\/2025\/02\/pikkerton_messung_milchverarbeitung.webp\" alt=\"\" class=\"wp-image-513 size-full\" srcset=\"https:\/\/staging.diryhace.cyon.site\/wp-content\/uploads\/2025\/02\/pikkerton_messung_milchverarbeitung.webp 676w, https:\/\/staging.diryhace.cyon.site\/wp-content\/uploads\/2025\/02\/pikkerton_messung_milchverarbeitung-300x300.webp 300w, https:\/\/staging.diryhace.cyon.site\/wp-content\/uploads\/2025\/02\/pikkerton_messung_milchverarbeitung-150x150.webp 150w\" sizes=\"auto, (max-width: 676px) 100vw, 676px\" \/><\/figure><div class=\"wp-block-media-text__content\">\n<h2 class=\"wp-block-heading is-style-default slide-in-right\"><strong>O\u00f9 devons-nous surveiller, informer et alerter pour vous ?<\/strong><\/h2>\n\n\n\n<p class=\"is-style-default slide-in-right\">Nos syst\u00e8mes de mesure et de surveillance sont utilis\u00e9s dans divers domaines d&rsquo;application : dans les fermes et les propri\u00e9t\u00e9s, dans les usines d&rsquo;eau potable et d&rsquo;eaux us\u00e9es, dans la production alimentaire, dans les entreprises pharmaceutiques et chimiques, dans les entreprises de traitement du bois et du gravier et dans diverses autres applications.<\/p>\n\n\n\n<p class=\"is-style-default slide-in-right\"><strong>Vous souhaitez mesurer et surveiller vos installations de mani\u00e8re intelligente ? Alors contactez-nous. <\/strong><\/p>\n\n\n\n<div class=\"wp-block-buttons slide-in-up is-layout-flex wp-block-buttons-is-layout-flex\">\n<div class=\"wp-block-button\"><a class=\"wp-block-button__link wp-element-button\" href=\"tel:&#x200B;+41416624917\">+41 41 662 49 17<\/a><\/div>\n\n\n\n<div class=\"wp-block-button\"><a class=\"wp-block-button__link wp-element-button\" href=\"mailtoinfo@pikkerton.ch\">info@pikkerton.ch<\/a><\/div>\n<\/div>\n<\/div><\/div>\n<\/div>\n<\/section>\n\n<section class=\"wp-block-group alignfull card is-layout-constrained wp-block-group-is-layout-constrained\">\n<div class=\"wp-block-columns is-style-card-big is-layout-flex wp-container-core-columns-is-layout-9d6595d7 wp-block-columns-is-layout-flex is-style-card-big--4\">\n<div class=\"wp-block-column is-style-default slide-in-up is-layout-flow wp-block-column-is-layout-flow\">\n<h2 class=\"wp-block-heading has-text-align-center\">Des technologies modernes et \u00e9prouv\u00e9es<\/h2>\n\n\n\n<p class=\"has-text-align-center\">pikkerton Mess- und Monitoringsysteme werden in der EU und in der Schweiz entwickelt und gebaut und basieren auf modernen und bew\u00e4hrten Technologien: Ultraschall, W\u00e4rmebild, Laser, Radar, NB-IoT (Narrow Band Internet Of Things), IO-Link (Sensorkommunikationstechnik), 4\u201320 mA, Modbus, M-Bus<\/p>\n\n\n\n<div class=\"wp-block-buttons alignfull is-layout-flex wp-block-buttons-is-layout-flex\">\n<div class=\"wp-block-button center is-style-button-ghost is-style-button-ghost--5\"><a class=\"wp-block-button__link has-text-align-left wp-element-button\" href=\"https:\/\/staging.diryhace.cyon.site\/sensor-und-kommunikations-technologien\/\">en savoir plus<\/a><\/div>\n<\/div>\n<\/div>\n<\/div>\n<\/section>\n\n<section class=\"wp-block-group alignfull is-layout-constrained wp-block-group-is-layout-constrained\">\n<div class=\"wp-block-group alignwide is-layout-constrained wp-block-group-is-layout-constrained\">\n<div class=\"wp-block-media-text alignfull is-stacked-on-mobile\"><figure class=\"wp-block-media-text__media\"><img loading=\"lazy\" decoding=\"async\" width=\"676\" height=\"676\" src=\"https:\/\/staging.diryhace.cyon.site\/wp-content\/uploads\/2025\/02\/pikkerton_heustock_messsonde.webp\" alt=\"\" class=\"wp-image-736 size-full\" srcset=\"https:\/\/staging.diryhace.cyon.site\/wp-content\/uploads\/2025\/02\/pikkerton_heustock_messsonde.webp 676w, https:\/\/staging.diryhace.cyon.site\/wp-content\/uploads\/2025\/02\/pikkerton_heustock_messsonde-300x300.webp 300w, https:\/\/staging.diryhace.cyon.site\/wp-content\/uploads\/2025\/02\/pikkerton_heustock_messsonde-150x150.webp 150w\" sizes=\"auto, (max-width: 676px) 100vw, 676px\" \/><\/figure><div class=\"wp-block-media-text__content\">\n<h2 class=\"wp-block-heading has-text-align-left slide-in-right\">Innovation f\u00fcr Landwirte: Heustocksonde f\u00fcr aktive Brand\u00advermeidung und Energieeinsparung<\/h2>\n\n\n\n<p class=\"is-style-paragraph-medium slide-in-right is-style-paragraph-medium--6\">Das ausgekl\u00fcgelte System misst Temperatur und Feuchtigkeit und vergleicht die innere und \u00e4ussere Feuchtigkeit, absolut und relativ. Dadurch kann das energiefressende L\u00fcften reduziert und bis zu 30 Prozent Energie eingespart werden. <\/p>\n\n\n\n<div class=\"wp-block-buttons slide-in-up is-layout-flex wp-block-buttons-is-layout-flex\">\n<div class=\"wp-block-button\"><a class=\"wp-block-button__link wp-element-button\" href=\"https:\/\/staging.diryhace.cyon.site\/brandvermeidung\/heustocksonde-haystack-4-nb\/\">Mehr erfahren<\/a><\/div>\n<\/div>\n<\/div><\/div>\n<\/div>\n<\/section>\n\n<section class=\"wp-block-group alignfull kundenlogos slide-in-up is-layout-constrained wp-block-group-is-layout-constrained\">\n<div class=\"wp-block-group is-layout-constrained wp-block-group-is-layout-constrained\">\n<h2 class=\"wp-block-heading has-text-align-center\">Les syst\u00e8mes pikkerton en action<\/h2>\n\n\n\n<figure class=\"wp-block-gallery aligncenter has-nested-images columns-default wp-block-gallery-7 is-layout-flex wp-block-gallery-is-layout-flex\">\n<figure class=\"wp-block-image size-full\"><img loading=\"lazy\" decoding=\"async\" width=\"260\" height=\"100\" data-id=\"520\" src=\"https:\/\/staging.diryhace.cyon.site\/wp-content\/uploads\/2025\/02\/strueby_holzbau.webp\" alt=\"\" class=\"wp-image-520\"\/><\/figure>\n\n\n\n<figure class=\"wp-block-image size-full\"><img loading=\"lazy\" decoding=\"async\" width=\"260\" height=\"100\" data-id=\"516\" src=\"https:\/\/staging.diryhace.cyon.site\/wp-content\/uploads\/2025\/02\/energie_wasserwerke_luzern.webp\" alt=\"\" class=\"wp-image-516\"\/><\/figure>\n\n\n\n<figure class=\"wp-block-image size-full\"><img loading=\"lazy\" decoding=\"async\" width=\"260\" height=\"100\" data-id=\"517\" src=\"https:\/\/staging.diryhace.cyon.site\/wp-content\/uploads\/2025\/02\/interspan_tschopp.webp\" alt=\"\" class=\"wp-image-517\"\/><\/figure>\n\n\n\n<figure class=\"wp-block-image size-full\"><img loading=\"lazy\" decoding=\"async\" width=\"260\" height=\"100\" data-id=\"518\" src=\"https:\/\/staging.diryhace.cyon.site\/wp-content\/uploads\/2025\/02\/kernkraftwerk_goesgen.webp\" alt=\"\" class=\"wp-image-518\"\/><\/figure>\n\n\n\n<figure class=\"wp-block-image size-full\"><img loading=\"lazy\" decoding=\"async\" width=\"260\" height=\"100\" data-id=\"1145\" src=\"https:\/\/staging.diryhace.cyon.site\/wp-content\/uploads\/2025\/04\/lignocalor.webp\" alt=\"\" class=\"wp-image-1145\"\/><\/figure>\n\n\n\n<figure class=\"wp-block-image size-full\"><img loading=\"lazy\" decoding=\"async\" width=\"260\" height=\"100\" data-id=\"1275\" src=\"https:\/\/staging.diryhace.cyon.site\/wp-content\/uploads\/2025\/04\/bestdrive.webp\" alt=\"BestDrive by Continental\" class=\"wp-image-1275\"\/><\/figure>\n<\/figure>\n<\/div>\n<\/section>\n","protected":false},"excerpt":{"rendered":"<p>Syst\u00e8mes intelligents de mesure et de surveillance Mesure du d\u00e9bit Mesure de d\u00e9bit par ultrasons des flux de liquides et de gaz : traitement de l&rsquo;eau, produits alimentaires, pharmaceutiques, p\u00e9trochimiques, syst\u00e8mes de chauffage et de refroidissement. Mesure de niveau Mesure de niveau de poussi\u00e8res, de liquides, de gravats : traitement du bois, moulins, traitement de [&hellip;]<\/p>\n","protected":false},"author":1,"featured_media":0,"parent":0,"menu_order":2,"comment_status":"closed","ping_status":"open","template":"","meta":{"_acf_changed":false,"footnotes":""},"class_list":["post-1349","page","type-page","status-publish","hentry"],"acf":{"seo-indexing-option":true,"seo-og-title":"","seo-meta-description":"","seo-og-image":null},"_links":{"self":[{"href":"https:\/\/staging.diryhace.cyon.site\/fr\/wp-json\/wp\/v2\/pages\/1349","targetHints":{"allow":["GET"]}}],"collection":[{"href":"https:\/\/staging.diryhace.cyon.site\/fr\/wp-json\/wp\/v2\/pages"}],"about":[{"href":"https:\/\/staging.diryhace.cyon.site\/fr\/wp-json\/wp\/v2\/types\/page"}],"author":[{"embeddable":true,"href":"https:\/\/staging.diryhace.cyon.site\/fr\/wp-json\/wp\/v2\/users\/1"}],"replies":[{"embeddable":true,"href":"https:\/\/staging.diryhace.cyon.site\/fr\/wp-json\/wp\/v2\/comments?post=1349"}],"version-history":[{"count":1,"href":"https:\/\/staging.diryhace.cyon.site\/fr\/wp-json\/wp\/v2\/pages\/1349\/revisions"}],"predecessor-version":[{"id":1350,"href":"https:\/\/staging.diryhace.cyon.site\/fr\/wp-json\/wp\/v2\/pages\/1349\/revisions\/1350"}],"wp:attachment":[{"href":"https:\/\/staging.diryhace.cyon.site\/fr\/wp-json\/wp\/v2\/media?parent=1349"}],"curies":[{"name":"wp","href":"https:\/\/api.w.org\/{rel}","templated":true}]}}